{"id":28341,"date":"2026-02-27T22:42:42","date_gmt":"2026-02-27T21:42:42","guid":{"rendered":"https:\/\/copenhagencomics.dk\/comics-central\/"},"modified":"2026-03-06T11:27:47","modified_gmt":"2026-03-06T10:27:47","slug":"comics-central","status":"publish","type":"page","link":"https:\/\/copenhagencomics.dk\/en\/comics-central\/","title":{"rendered":"Comics Central"},"content":{"rendered":"<div class=\"et_pb_section_0 et_pb_section et_section_regular et_block_section preset--module--divi-section--default\"><div class=\"et_pb_row_0 et_pb_row et_grid_row preset--module--divi-row--k8kod86aqf\"><div class=\"et_pb_column_0 et_pb_column et_flex_column et_pb_css_mix_blend_mode_passthrough et_flex_column_24_24 et_flex_column_24_24_tablet et_flex_column_24_24_phone preset--module--divi-column--default\"><div class=\"et_pb_heading_0 et_pb_heading et_pb_module et_flex_module\"><div class=\"et_pb_heading_container\"><h1 class=\"et_pb_module_header\">Comics Central<\/h1><\/div><div class=\"et_pb_text_0 et_pb_text et_pb_bg_layout_dark et_pb_module et_flex_module preset--module--divi-text--default\"><div class=\"et_pb_text_inner\"><p>Comics Central is where comics are taken seriously - and celebrated.<\/p>\n<\/div><\/div><\/div><\/div><div class=\"et_pb_column_1 et_pb_column et-last-child et_block_column et_pb_css_mix_blend_mode_passthrough et_flex_column_24_24 et_flex_column_24_24_tablet et_flex_column_24_24_phone preset--module--divi-column--h1anjnw3cm\"><div class=\"et_pb_image_0 et_pb_image et_pb_module et_flex_module preset--module--divi-image--3x7iwtwqfq\"><\/div><\/div><\/div><\/div>\n\n<div class=\"et_pb_section_1 et_pb_section et_section_regular et_flex_section preset--module--divi-section--default\">\n<div class=\"et_pb_row_1 et_pb_row et_flex_row\">\n<div class=\"et_pb_column_2 et_pb_column et-last-child et_flex_column et_pb_css_mix_blend_mode_passthrough et_flex_column_24_24 et_flex_column_24_24_tablet et_flex_column_24_24_phone preset--module--divi-column--default\">\n<div class=\"et_pb_text_1 et_pb_text et_pb_bg_layout_light et_pb_module et_flex_module preset--module--divi-text--default\"><div class=\"et_pb_text_inner\"><p>Creators, publishers and readers gather here to share what binds us together: stories in words and drawings.<\/p>\n<p>In Comics Central you'll find Danish and international comic creators, studios, comic publishers and shops.<br \/>Here you'll find our signing area and our big stage - Word Balloon.<br \/>Here you can experience interviews, live drawing and other program items that put comics in the center.<\/p>\n<p>At Comics Central you can meet the creators behind the comics, get your book signed, ask your questions and get close to the amazing world of comics.<\/p>\n<p>&nbsp;<\/p>\n<\/div><\/div>\n<\/div>\n<\/div>\n<\/div>\n\n<div class=\"et_pb_section_2 et_pb_section et_section_regular et_flex_section preset--module--divi-section--default\"><div class=\"et_pb_row_2 et_pb_row et_flex_row\"><div class=\"et_pb_column_3 et_pb_column et-last-child et_flex_column et_pb_css_mix_blend_mode_passthrough et_flex_column_24_24 et_flex_column_24_24_tablet et_flex_column_24_24_phone preset--module--divi-column--default\"><div class=\"et_pb_text_2 et_pb_text et_pb_bg_layout_light et_pb_module et_flex_module preset--module--divi-text--default\"><div class=\"et_pb_text_inner\"><h4>Klik p\u00e5 scenerne for mere info om dem<\/h4>\n<\/div><\/div><\/div><\/div><div class=\"et_pb_row_3 et_pb_row et_flex_row\"><div class=\"et_pb_column_4 et_pb_column et_flex_column et_pb_css_mix_blend_mode_passthrough et_flex_column_8_24 et_flex_column_8_24_tablet et_flex_column_24_24_phone preset--module--divi-column--default\"><div class=\"et_pb_image_1 et_pb_image et_pb_module et_flex_module kapow\"><span class=\"et_pb_image_wrap\"><img decoding=\"async\" src=\"https:\/\/copenhagencomics.dk\/wp-content\/uploads\/2026\/03\/Stage_9-black.svg\" title=\"Stage_9 - black\" class=\"wp-image-27913\" \/><\/span><div class=\"dipi_balloon_0 dipi_balloon et_pb_bg_layout_light et_pb_module preset--group--dipi-balloon--divi-button--default\">\n            <div class=\"dipi_balloon_inner\" style=\"position:absolute;opacity:0;left:-99999px; top:-9999px;\"\n            \n                data-order_number=\"0\"\n                data-selector=\".kapow\"\n                data-animation=\"fade\"\n                data-append_to=\"parent\"\n                data-ballon_placement_desktop=\"bottom\"\n                data-ballon_placement_tablet=\"bottom\"\n                data-ballon_placement_phone=\"bottom\"\n                data-interactive=\"false\"\n                data-trigger=\"click\"\n                data-use_arrow=\"false\"\n                data-d5_tb_header_class=\"\"\n                data-d5_tb_footer_class=\"\"\n            >\n                <div class=\"et_pb_section dipi_balloon-inner\">\n                    \n                <div class=\"dipi-balloon dipi_balloon_0\">\n                    <div class=\"dipi-balloon-wrap dipi-alignment-left\">\n                        \n                        \n                <h4 class=\"dipi-balloon-title\">\n                    KAPOW!\n                <\/h4>\n                        \n                <div class=\"dipi-balloon-description\"> <p><span>KAPOW! er scenen for b\u00f8rn og unge og hjertet i vores Create! Kids &amp; Teens Area. Her er der fuld energi med tegnekonkurrencer, kreative opl\u00e6g, teater, rollespil og aktiviteter med udgangspunkt i tegneserier og fort\u00e6lling. Scenen er skabt til at v\u00e6kke tegnegl\u00e6de, fantasi og modet til selv at skabe.<\/span><\/p> <\/div>\n                        \n                    <\/div>\n                <\/div>\n                <\/div>\n            <\/div><\/div><\/div><\/div><div class=\"et_pb_column_5 et_pb_column et_flex_column et_pb_css_mix_blend_mode_passthrough et_flex_column_8_24 et_flex_column_8_24_tablet et_flex_column_24_24_phone preset--module--divi-column--default\"><div class=\"et_pb_image_2 et_pb_image et_pb_module et_flex_module bubble\"><span class=\"et_pb_image_wrap\"><img decoding=\"async\" src=\"https:\/\/copenhagencomics.dk\/wp-content\/uploads\/2026\/03\/Stage_8-black.svg\" title=\"Stage_8 - black\" class=\"wp-image-27930\" \/><\/span><div class=\"dipi_balloon_1 dipi_balloon et_pb_bg_layout_light et_pb_module preset--group--dipi-balloon--divi-button--default\">\n            <div class=\"dipi_balloon_inner\" style=\"position:absolute;opacity:0;left:-99999px; top:-9999px;\"\n            \n                data-order_number=\"1\"\n                data-selector=\".bubble\"\n                data-animation=\"fade\"\n                data-append_to=\"parent\"\n                data-ballon_placement_desktop=\"bottom\"\n                data-ballon_placement_tablet=\"bottom\"\n                data-ballon_placement_phone=\"bottom\"\n                data-interactive=\"false\"\n                data-trigger=\"click\"\n                data-use_arrow=\"false\"\n                data-d5_tb_header_class=\"\"\n                data-d5_tb_footer_class=\"\"\n            >\n                <div class=\"et_pb_section dipi_balloon-inner\">\n                    \n                <div class=\"dipi-balloon dipi_balloon_1\">\n                    <div class=\"dipi-balloon-wrap dipi-alignment-left\">\n                        \n                        \n                <h4 class=\"dipi-balloon-title\">\n                    Thought Bubble\n                <\/h4>\n                        \n                <div class=\"dipi-balloon-description\"> <p>Thought Bubble er scenen for de mere eftert\u00e6nksomme samtaler. Her kan du opleve interviews, opl\u00e6g og paneler om tegneseriens mange facetter \u2013 fra farver, stil og coverart til id\u00e9udvikling, arbejdsproces og skabernes egne erfaringer. Bliv inspireret, n\u00f8rd med og oplev nye perspektiver.<\/p> <\/div>\n                        \n                    <\/div>\n                <\/div>\n                <\/div>\n            <\/div><\/div><\/div><\/div><div class=\"et_pb_column_6 et_pb_column et-last-child et_flex_column et_pb_css_mix_blend_mode_passthrough et_flex_column_8_24 et_flex_column_8_24_tablet et_flex_column_24_24_phone preset--module--divi-column--default\"><div class=\"et_pb_image_3 et_pb_image et_pb_module et_flex_module balloon\"><span class=\"et_pb_image_wrap\"><img decoding=\"async\" src=\"https:\/\/copenhagencomics.dk\/wp-content\/uploads\/2026\/03\/Stage_1-black.svg\" title=\"Stage_1 - black\" class=\"wp-image-27935\" \/><\/span><div class=\"dipi_balloon_2 dipi_balloon et_pb_bg_layout_light et_pb_module preset--group--dipi-balloon--divi-button--default\">\n            <div class=\"dipi_balloon_inner\" style=\"position:absolute;opacity:0;left:-99999px; top:-9999px;\"\n            \n                data-order_number=\"2\"\n                data-selector=\".balloon\"\n                data-animation=\"fade\"\n                data-append_to=\"parent\"\n                data-ballon_placement_desktop=\"bottom\"\n                data-ballon_placement_tablet=\"bottom\"\n                data-ballon_placement_phone=\"bottom\"\n                data-interactive=\"false\"\n                data-trigger=\"click\"\n                data-use_arrow=\"false\"\n                data-d5_tb_header_class=\"\"\n                data-d5_tb_footer_class=\"\"\n            >\n                <div class=\"et_pb_section dipi_balloon-inner\">\n                    \n                <div class=\"dipi-balloon dipi_balloon_2\">\n                    <div class=\"dipi-balloon-wrap dipi-alignment-left\">\n                        \n                        \n                <h4 class=\"dipi-balloon-title\">\n                    Word Balloon\n                <\/h4>\n                        \n                <div class=\"dipi-balloon-description\"> <p>Word Balloon er vores st\u00f8rste scene og samlingspunkt. Her kan du opleve tegnebattles, live-tegning og sp\u00e6ndende samtaler med danske og internationale tegneserieskabere. Det er ogs\u00e5 her vi har vores cosplay aktiviteter, underholdende tegneseriepodcastere og sp\u00e6ndende debatter, Her samles fans, skabere og nysgerrige i f\u00e6lles begejstring for tegneserierne.<\/p> <\/div>\n                        \n                    <\/div>\n                <\/div>\n                <\/div>\n            <\/div><\/div><\/div><\/div><\/div><\/div>","protected":false},"excerpt":{"rendered":"<p>Comics Central is where comics are taken seriously &#8211; and celebrated.<\/p>\n","protected":false},"author":68,"featured_media":0,"parent":0,"menu_order":0,"comment_status":"closed","ping_status":"closed","template":"","meta":{"_acf_changed":false,"footnotes":""},"dipi_cpt_category":[],"class_list":["post-28341","page","type-page","status-publish","hentry"],"acf":{"oversigt_divi_modul":false,"oversigt":false,"overskrift_oversigt_en":"","udstilling_kommentar":false,"filterquery_kommentar":"udvalgte","filterquery":"","kommentarer_rute":false,"visning":"element_presentation_list","bredde_logo_listevisning":"150|125|100","kommentarer_janej":false,"bredde_kommentar":"50|50|100","overskrift_kommentarer_janej":false,"overskrift_kommentar":"","vaelg_udstillere_moduler":null},"_links":{"self":[{"href":"https:\/\/copenhagencomics.dk\/en\/wp-json\/wp\/v2\/pages\/28341","targetHints":{"allow":["GET"]}}],"collection":[{"href":"https:\/\/copenhagencomics.dk\/en\/wp-json\/wp\/v2\/pages"}],"about":[{"href":"https:\/\/copenhagencomics.dk\/en\/wp-json\/wp\/v2\/types\/page"}],"author":[{"embeddable":true,"href":"https:\/\/copenhagencomics.dk\/en\/wp-json\/wp\/v2\/users\/68"}],"replies":[{"embeddable":true,"href":"https:\/\/copenhagencomics.dk\/en\/wp-json\/wp\/v2\/comments?post=28341"}],"version-history":[{"count":1,"href":"https:\/\/copenhagencomics.dk\/en\/wp-json\/wp\/v2\/pages\/28341\/revisions"}],"predecessor-version":[{"id":28342,"href":"https:\/\/copenhagencomics.dk\/en\/wp-json\/wp\/v2\/pages\/28341\/revisions\/28342"}],"wp:attachment":[{"href":"https:\/\/copenhagencomics.dk\/en\/wp-json\/wp\/v2\/media?parent=28341"}],"wp:term":[{"taxonomy":"dipi_cpt_category","embeddable":true,"href":"https:\/\/copenhagencomics.dk\/en\/wp-json\/wp\/v2\/dipi_cpt_category?post=28341"}],"curies":[{"name":"wp","href":"https:\/\/api.w.org\/{rel}","templated":true}]}}