{"id":30039,"date":"2026-05-06T23:24:00","date_gmt":"2026-05-06T21:24:00","guid":{"rendered":"https:\/\/copenhagencomics.dk\/where-am-i\/"},"modified":"2026-05-07T23:04:51","modified_gmt":"2026-05-07T21:04:51","slug":"where-am-i","status":"publish","type":"page","link":"https:\/\/copenhagencomics.dk\/en\/where-am-i\/","title":{"rendered":"Where am I?"},"content":{"rendered":"<div class=\"et_pb_section_0 et_pb_section et_section_regular et_flex_section preset--module--divi-section--default\">\n<div class=\"et_pb_row_0 et_pb_row et_flex_row\">\n<div class=\"et_pb_column_0 et_pb_column et-last-child et_flex_column et_pb_css_mix_blend_mode_passthrough et_flex_column_24_24 et_flex_column_24_24_tablet et_flex_column_24_24_phone preset--module--divi-column--default\">\n<div class=\"et_pb_heading_0 et_pb_heading et_pb_module et_flex_module\"><div class=\"et_pb_heading_container\"><h1 class=\"et_pb_module_header\">Where am I?<\/h1><\/div><\/div>\n\n<div class=\"et_pb_code_0 et_pb_code et_pb_module\"><div class=\"et_pb_code_inner\"><style>.ug {\r\n                --element_presentation_list-logo_size_desktop: 150px;\r\n                --element_presentation_list-logo_size_tablet: 100px;\r\n                --element_presentation_list-logo_size_mobile: 75px;\r\n        }<\/style>\r\n        <div class=\"ug ug-spinner interactive_element_view element_presentation_map fixed filters_position_top\" data-id=1 data-exhibition-id=\"814\" data-page-id=\"30039\" data-sort-field=\"title\" data-highligt-elements=\"all\" data-view-is-timeslot=\"false\" data-show-post-types=\"infopunkt\" data-available-post-types=\"udstillere,arrangoer,foodtruck,infopunkt,produkt,aktivitet,gaest,programpunkt,merch,tidspunkt,location\" data-element-onclick=\"modal\"  data-col-desktop-wide=\"6\" data-col-desktop=\"4\" data-col-tablet=\"3\" data-col-mobile=\"2\" data-col-list-desktop-wide=\"4\" data-col-list-desktop=\"3\" data-col-list-tablet=\"2\" data-col-list-mobile=\"1\"  data-row-desktop=\"7\" data-row-tablet=\"5\" data-row-mobile=\"5\"  data-template-name=\"oversigt-paa-side\" data-template-options-external=\"\" data-template-options-infobox-view=\"fuld\" data-template-options-posttypes=\"infopunkt\" data-template-options-activity_posttypes=\"aktivitet,programpunkt\" data-template-options-vis-navn-udstiller=\"vis\" data-template-options-vis-tidspunkter=\"skjul\" data-template-options-vis-pris=\"skjul\" data-template-options-image-field=\"imageSizeLogo\" data-template-options-label-bredde=\"\" data-template-options-id-knap1=\"0\" data-template-options-id-knap2=\"0\" data-template-options-tekster=\"Read more,Close\" data-template-options-standkort=\"vis\" data-template-options-tidspunkter-programsted=\"skjul\" data-template-options-status-element-ikon=\"skjul\" data-template-options-status-element-tekst=\"skjul\" data-template-options-status-infoboks-tekst=\"skjul\" data-template-options-status-infoboks-ikon=\"skjul\" data-template-options-status-modal-tekst=\"skjul\" data-template-options-status-modal-ikon=\"skjul\" >\r\n        \r\n        <div class=\"filter-panel\"><div class=\"buttons btn-group\"><\/div>\r\n        <div class=\"filters\">\r\n            <div class=\"inner-container searchfields\"><fieldset class=\"soeg\">\r\n                <input\r\n                    type=\"text\"\r\n                    class=\"inputsoegefelt input\"\r\n                    placeholder=\"Search for infopoint\"\r\n                    data-filter=\"title,termsData.udstillerider.navn,termsData.standpladser.navn?\"\r\n                    data-filter-url=\"soeg\"\r\n                    autocomplete=\"off\"\r\n                    autocorrect=\"off\"\r\n                    autocapitalize=\"off\"\r\n                    spellcheck=\"false\"\r\n                    \r\n                \/>\r\n            <\/fieldset>\r\n                <details>\r\n                    <summary class=\"show_advanced_filters\"><i class=\"closed fa-regular fa-gear\"><\/i><i class=\"open  fa-solid fa-gear\"><\/i>Advanced search<\/summary>\r\n                    <div class=\"advanced_filters\">\r\n                            <div class=\"column left\">\r\n                                <fieldset class=\"desktop mobil udstillerider\">\r\n                            <select\r\n                                class=\"select\"\r\n                                multiple\r\n                                data-filter=\"termsData.udstillerider.id|\"\r\n                                data-filter-url=\"udstillerider\"\r\n                                data-placeholder=\"Search for \"><option\r\n                                        class=\"control\"\r\n                                        value=\"907\"\r\n                                        data-icon=\"\"\r\n                                        ><\/option><option\r\n                                        class=\"control\"\r\n                                        value=\"499\"\r\n                                        data-icon=\"\"\r\n                                        >\u270f\ufe0f Casper H\u00f8g \u270f\ufe0f<\/option><option\r\n                                        class=\"control\"\r\n                                        value=\"1092\"\r\n                                        data-icon=\"\"\r\n                                        >Aichiba<\/option><option\r\n                                        class=\"control\"\r\n                                        value=\"1016\"\r\n                                        data-icon=\"\"\r\n                                        >Animerch.dk<\/option><option\r\n                                        class=\"control\"\r\n                                        value=\"404\"\r\n                                        data-icon=\"\"\r\n                                        >Art by Tornemark<\/option><option\r\n                                        class=\"control\"\r\n                                        value=\"1120\"\r\n                                        data-icon=\"\"\r\n                                        >At the Community Corner<\/option><option\r\n                                        class=\"control\"\r\n                                        value=\"1116\"\r\n                                        data-icon=\"\"\r\n                                        >At the entrance<\/option><option\r\n                                        class=\"control\"\r\n                                        value=\"1118\"\r\n                                        data-icon=\"\"\r\n                                        >At the KAPOW! stage<\/option><option\r\n                                        class=\"control\"\r\n                                        value=\"509\"\r\n                                        data-icon=\"\"\r\n                                        >\u00c6ther<\/option><option\r\n                                        class=\"control\"\r\n                                        value=\"665\"\r\n                                        data-icon=\"\"\r\n                                        >Backyard Barons<\/option><option\r\n                                        class=\"control\"\r\n                                        value=\"1007\"\r\n                                        data-icon=\"\"\r\n                                        >Bao Anh<\/option><option\r\n                                        class=\"control\"\r\n                                        value=\"310\"\r\n                                        data-icon=\"\"\r\n                                        >Bastard Cafe<\/option><option\r\n                                        class=\"control\"\r\n                                        value=\"918\"\r\n                                        data-icon=\"\"\r\n                                        >Bee Creative<\/option><option\r\n                                        class=\"control\"\r\n                                        value=\"699\"\r\n                                        data-icon=\"\"\r\n                                        >Cat-people univers<\/option><option\r\n                                        class=\"control\"\r\n                                        value=\"1032\"\r\n                                        data-icon=\"\"\r\n                                        >Christine Reinwald<\/option><option\r\n                                        class=\"control\"\r\n                                        value=\"294\"\r\n                                        data-icon=\"\"\r\n                                        >Cobolt<\/option><option\r\n                                        class=\"control\"\r\n                                        value=\"298\"\r\n                                        data-icon=\"\"\r\n                                        >Comicgarden<\/option><option\r\n                                        class=\"control\"\r\n                                        value=\"394\"\r\n                                        data-icon=\"\"\r\n                                        >Copenhagen Comics<\/option><option\r\n                                        class=\"control\"\r\n                                        value=\"849\"\r\n                                        data-icon=\"\"\r\n                                        >Copenhagen Comics<\/option><option\r\n                                        class=\"control\"\r\n                                        value=\"1022\"\r\n                                        data-icon=\"\"\r\n                                        >Craft n Goods<\/option><option\r\n                                        class=\"control\"\r\n                                        value=\"322\"\r\n                                        data-icon=\"\"\r\n                                        >Danske Tegneserieskabere<\/option><option\r\n                                        class=\"control\"\r\n                                        value=\"522\"\r\n                                        data-icon=\"\"\r\n                                        >Devstar Art<\/option><option\r\n                                        class=\"control\"\r\n                                        value=\"498\"\r\n                                        data-icon=\"\"\r\n                                        >Dungeons Consulting<\/option><option\r\n                                        class=\"control\"\r\n                                        value=\"269\"\r\n                                        data-icon=\"\"\r\n                                        >Eudor<\/option><option\r\n                                        class=\"control\"\r\n                                        value=\"597\"\r\n                                        data-icon=\"\"\r\n                                        >Fairyverse Gaming<\/option><option\r\n                                        class=\"control\"\r\n                                        value=\"334\"\r\n                                        data-icon=\"\"\r\n                                        >Fantask<\/option><option\r\n                                        class=\"control\"\r\n                                        value=\"412\"\r\n                                        data-icon=\"\"\r\n                                        >Faraos Cigarer<\/option><option\r\n                                        class=\"control\"\r\n                                        value=\"270\"\r\n                                        data-icon=\"\"\r\n                                        >Fiesta<\/option><option\r\n                                        class=\"control\"\r\n                                        value=\"1122\"\r\n                                        data-icon=\"\"\r\n                                        >Food Trucks<\/option><option\r\n                                        class=\"control\"\r\n                                        value=\"340\"\r\n                                        data-icon=\"\"\r\n                                        >Forlag for danske gysertegneserier.<\/option><option\r\n                                        class=\"control\"\r\n                                        value=\"272\"\r\n                                        data-icon=\"\"\r\n                                        >Forlaget Afart<\/option><option\r\n                                        class=\"control\"\r\n                                        value=\"887\"\r\n                                        data-icon=\"\"\r\n                                        >Forlaget Carlsen<\/option><option\r\n                                        class=\"control\"\r\n                                        value=\"397\"\r\n                                        data-icon=\"\"\r\n                                        >Forlaget E-voke<\/option><option\r\n                                        class=\"control\"\r\n                                        value=\"320\"\r\n                                        data-icon=\"\"\r\n                                        >Forlaget Forl\u00e6ns<\/option><option\r\n                                        class=\"control\"\r\n                                        value=\"1078\"\r\n                                        data-icon=\"\"\r\n                                        >Fox Cap Cartoons<\/option><option\r\n                                        class=\"control\"\r\n                                        value=\"675\"\r\n                                        data-icon=\"\"\r\n                                        >FSV Design<\/option><option\r\n                                        class=\"control\"\r\n                                        value=\"267\"\r\n                                        data-icon=\"\"\r\n                                        >Fyns Antikvariat<\/option><option\r\n                                        class=\"control\"\r\n                                        value=\"348\"\r\n                                        data-icon=\"\"\r\n                                        >Galleri Disneyana+<\/option><option\r\n                                        class=\"control\"\r\n                                        value=\"1084\"\r\n                                        data-icon=\"\"\r\n                                        >Grandmas Gaming Goodies<\/option><option\r\n                                        class=\"control\"\r\n                                        value=\"696\"\r\n                                        data-icon=\"\"\r\n                                        >Graphic Storytelling<\/option><option\r\n                                        class=\"control\"\r\n                                        value=\"312\"\r\n                                        data-icon=\"\"\r\n                                        >Gunnar Wille<\/option><option\r\n                                        class=\"control\"\r\n                                        value=\"296\"\r\n                                        data-icon=\"\"\r\n                                        >Henrik Kublick<\/option><option\r\n                                        class=\"control\"\r\n                                        value=\"289\"\r\n                                        data-icon=\"\"\r\n                                        >Hunov &amp; Haffgaard<\/option><option\r\n                                        class=\"control\"\r\n                                        value=\"282\"\r\n                                        data-icon=\"\"\r\n                                        >hwbversions<\/option><option\r\n                                        class=\"control\"\r\n                                        value=\"927\"\r\n                                        data-icon=\"\"\r\n                                        >Ina Korneliussen &amp; Anders Br\u00f8nserud<\/option><option\r\n                                        class=\"control\"\r\n                                        value=\"1098\"\r\n                                        data-icon=\"\"\r\n                                        >J-Popkai<\/option><option\r\n                                        class=\"control\"\r\n                                        value=\"338\"\r\n                                        data-icon=\"\"\r\n                                        >Jacob Rask Nielsen<\/option><option\r\n                                        class=\"control\"\r\n                                        value=\"410\"\r\n                                        data-icon=\"\"\r\n                                        >Jernpaven  &amp; Co<\/option><option\r\n                                        class=\"control\"\r\n                                        value=\"283\"\r\n                                        data-icon=\"\"\r\n                                        >Jino\u2019s art<\/option><option\r\n                                        class=\"control\"\r\n                                        value=\"284\"\r\n                                        data-icon=\"\"\r\n                                        >Karsten Mungo Madsen og Craig Frank<\/option><option\r\n                                        class=\"control\"\r\n                                        value=\"285\"\r\n                                        data-icon=\"\"\r\n                                        >Kulk\u00e6lderen<\/option><option\r\n                                        class=\"control\"\r\n                                        value=\"772\"\r\n                                        data-icon=\"\"\r\n                                        >Livwinks<\/option><option\r\n                                        class=\"control\"\r\n                                        value=\"1090\"\r\n                                        data-icon=\"\"\r\n                                        >Lynzendra Art<\/option><option\r\n                                        class=\"control\"\r\n                                        value=\"900\"\r\n                                        data-icon=\"\"\r\n                                        >MASALAWALA<\/option><option\r\n                                        class=\"control\"\r\n                                        value=\"885\"\r\n                                        data-icon=\"\"\r\n                                        >Mats K\u00e4llblad - comic artist<\/option><option\r\n                                        class=\"control\"\r\n                                        value=\"906\"\r\n                                        data-icon=\"\"\r\n                                        >mellemgaard publishing<\/option><option\r\n                                        class=\"control\"\r\n                                        value=\"678\"\r\n                                        data-icon=\"\"\r\n                                        >Morten\u2019s Amazing Comics<\/option><option\r\n                                        class=\"control\"\r\n                                        value=\"601\"\r\n                                        data-icon=\"\"\r\n                                        >Nawiloot<\/option><option\r\n                                        class=\"control\"\r\n                                        value=\"884\"\r\n                                        data-icon=\"\"\r\n                                        >Nerdshop.dk<\/option><option\r\n                                        class=\"control\"\r\n                                        value=\"288\"\r\n                                        data-icon=\"\"\r\n                                        >Niels Roland og Bj\u00f8rk Matias Friis<\/option><option\r\n                                        class=\"control\"\r\n                                        value=\"1096\"\r\n                                        data-icon=\"\"\r\n                                        >Nioi Studio<\/option><option\r\n                                        class=\"control\"\r\n                                        value=\"1109\"\r\n                                        data-icon=\"\"\r\n                                        >N\u00f8rdmarked &amp; N\u00f8rdCon by N\u00f8rdklub Danmark<\/option><option\r\n                                        class=\"control\"\r\n                                        value=\"752\"\r\n                                        data-icon=\"\"\r\n                                        >Palle Schmidt \/ Forlaget Avanti<\/option><option\r\n                                        class=\"control\"\r\n                                        value=\"1046\"\r\n                                        data-icon=\"\"\r\n                                        >Petra Hauthorn<\/option><option\r\n                                        class=\"control\"\r\n                                        value=\"750\"\r\n                                        data-icon=\"\"\r\n                                        >Project Nitz<\/option><option\r\n                                        class=\"control\"\r\n                                        value=\"419\"\r\n                                        data-icon=\"\"\r\n                                        >Rasmus Julius<\/option><option\r\n                                        class=\"control\"\r\n                                        value=\"926\"\r\n                                        data-icon=\"\"\r\n                                        >Ren\u00e9 Allan Art<\/option><option\r\n                                        class=\"control\"\r\n                                        value=\"897\"\r\n                                        data-icon=\"\"\r\n                                        >Rikke Lydeking - Writer and Illustrator of Fossil Girl<\/option><option\r\n                                        class=\"control\"\r\n                                        value=\"676\"\r\n                                        data-icon=\"\"\r\n                                        >Saxoart og Dortheas Overlevelser<\/option><option\r\n                                        class=\"control\"\r\n                                        value=\"1099\"\r\n                                        data-icon=\"\"\r\n                                        >Sh\u014djo Jump<\/option><option\r\n                                        class=\"control\"\r\n                                        value=\"596\"\r\n                                        data-icon=\"\"\r\n                                        >Sigge Illustration<\/option><option\r\n                                        class=\"control\"\r\n                                        value=\"406\"\r\n                                        data-icon=\"\"\r\n                                        >Snackbag Studios<\/option><option\r\n                                        class=\"control\"\r\n                                        value=\"921\"\r\n                                        data-icon=\"\"\r\n                                        >Story House Egmont A\/S<\/option><option\r\n                                        class=\"control\"\r\n                                        value=\"503\"\r\n                                        data-icon=\"\"\r\n                                        >Sune J\u00f8rgensen Illustrations<\/option><option\r\n                                        class=\"control\"\r\n                                        value=\"1072\"\r\n                                        data-icon=\"\"\r\n                                        >Tegnestuen Tall Tales.<\/option><option\r\n                                        class=\"control\"\r\n                                        value=\"1156\"\r\n                                        data-icon=\"\"\r\n                                        >ThaissingArts<\/option><option\r\n                                        class=\"control\"\r\n                                        value=\"501\"\r\n                                        data-icon=\"\"\r\n                                        >The Graveyard Shovel<\/option><option\r\n                                        class=\"control\"\r\n                                        value=\"276\"\r\n                                        data-icon=\"\"\r\n                                        >Tor Fruergaard<\/option><option\r\n                                        class=\"control\"\r\n                                        value=\"1048\"\r\n                                        data-icon=\"\"\r\n                                        >White Cat<\/option><option\r\n                                        class=\"control\"\r\n                                        value=\"664\"\r\n                                        data-icon=\"\"\r\n                                        >ZindyZone<\/option><\/select><\/fieldset>\r\n                            <\/div>\r\n                    <\/div>\r\n                <\/details>\r\n            <\/div>\r\n        <\/div><\/div>\r\n        \r\n        <div class=\"elements\" data-empty-search=\"Der blev ikke fundet nogen infopunkter\"><\/div>\r\n        <div class=\"controls-pagination\"><\/div>\r\n    <\/div><\/div><\/div>\n<\/div>\n<\/div>\n<\/div>","protected":false},"excerpt":{"rendered":"<p>Find a QR code &#8211; scan it &#8211; and you know where you are!<\/p>\n","protected":false},"author":1,"featured_media":27638,"parent":0,"menu_order":0,"comment_status":"closed","ping_status":"closed","template":"","meta":{"_acf_changed":false,"footnotes":""},"dipi_cpt_category":[],"class_list":["post-30039","page","type-page","status-publish","has-post-thumbnail","hentry"],"acf":{"oversigt_divi_modul":false,"oversigt":false,"overskrift_oversigt_en":"","udstilling_kommentar":false,"filterquery_kommentar":"udvalgte","filterquery":"","kommentarer_rute":false,"visning":"element_presentation_list","bredde_logo_listevisning":"150|125|100","kommentarer_janej":false,"bredde_kommentar":"50|50|100","overskrift_kommentarer_janej":false,"overskrift_kommentar":"","vaelg_udstillere_moduler":null},"_links":{"self":[{"href":"https:\/\/copenhagencomics.dk\/en\/wp-json\/wp\/v2\/pages\/30039","targetHints":{"allow":["GET"]}}],"collection":[{"href":"https:\/\/copenhagencomics.dk\/en\/wp-json\/wp\/v2\/pages"}],"about":[{"href":"https:\/\/copenhagencomics.dk\/en\/wp-json\/wp\/v2\/types\/page"}],"author":[{"embeddable":true,"href":"https:\/\/copenhagencomics.dk\/en\/wp-json\/wp\/v2\/users\/1"}],"replies":[{"embeddable":true,"href":"https:\/\/copenhagencomics.dk\/en\/wp-json\/wp\/v2\/comments?post=30039"}],"version-history":[{"count":1,"href":"https:\/\/copenhagencomics.dk\/en\/wp-json\/wp\/v2\/pages\/30039\/revisions"}],"predecessor-version":[{"id":30040,"href":"https:\/\/copenhagencomics.dk\/en\/wp-json\/wp\/v2\/pages\/30039\/revisions\/30040"}],"wp:featuredmedia":[{"embeddable":true,"href":"https:\/\/copenhagencomics.dk\/en\/wp-json\/wp\/v2\/media\/27638"}],"wp:attachment":[{"href":"https:\/\/copenhagencomics.dk\/en\/wp-json\/wp\/v2\/media?parent=30039"}],"wp:term":[{"taxonomy":"dipi_cpt_category","embeddable":true,"href":"https:\/\/copenhagencomics.dk\/en\/wp-json\/wp\/v2\/dipi_cpt_category?post=30039"}],"curies":[{"name":"wp","href":"https:\/\/api.w.org\/{rel}","templated":true}]}}